{"id":411,"date":"2023-01-13T22:37:48","date_gmt":"2023-01-13T22:37:48","guid":{"rendered":"http:\/\/euroshrink.eu\/?page_id=411"},"modified":"2023-01-14T20:33:33","modified_gmt":"2023-01-14T20:33:33","slug":"szallitmany-csomagolasa","status":"publish","type":"page","link":"https:\/\/euroshrink.eu\/en\/zsugorfolias-csomagolas\/szallitmany-csomagolasa\/","title":{"rendered":"SZ\u00c1LL\u00cdTM\u00c1NY CSOMAGOL\u00c1SA"},"content":{"rendered":"<p>Zsugorf\u00f3li\u00e1s \u00a0csomagol\u00e1s ponyva helyett!! Nem kell bajl\u00f3dni, nagym\u00e9ret\u0171 sz\u00e1ll\u00edtm\u00e1nyok ponyv\u00e1s takar\u00e1s\u00e1val. Ahelyett, hogy a sof\u0151r \u00f3r\u00e1k hosszat bajl\u00f3djon a koszos ponyva felrak\u00e1s\u00e1val, \u00e9s leszed\u00e9s\u00e9vel, tiszta, teljesen z\u00e1rt burkolatot adunk a term\u00e9knek, \u00a0a rakom\u00e1ny pedig indulhat id\u0151ben! \ud83d\ude42<img fetchpriority=\"high\" decoding=\"async\" class=\"alignnone size-medium wp-image-421\" src=\"http:\/\/euroshrink.eu\/wp-content\/uploads\/2023\/01\/IMG_20220823_141029-300x169.jpg\" alt=\"IMG_20220823_141029\" width=\"300\" height=\"169\" srcset=\"https:\/\/euroshrink.eu\/wp-content\/uploads\/2023\/01\/IMG_20220823_141029-300x169.jpg 300w, https:\/\/euroshrink.eu\/wp-content\/uploads\/2023\/01\/IMG_20220823_141029-768x432.jpg 768w, https:\/\/euroshrink.eu\/wp-content\/uploads\/2023\/01\/IMG_20220823_141029-1024x576.jpg 1024w, https:\/\/euroshrink.eu\/wp-content\/uploads\/2023\/01\/IMG_20220823_141029-600x338.jpg 600w, https:\/\/euroshrink.eu\/wp-content\/uploads\/2023\/01\/IMG_20220823_141029-280x158.jpg 280w, https:\/\/euroshrink.eu\/wp-content\/uploads\/2023\/01\/IMG_20220823_141029-18x10.jpg 18w\" sizes=\"(max-width: 300px) 100vw, 300px\" \/><img decoding=\"async\" class=\"alignnone size-medium wp-image-423\" src=\"http:\/\/euroshrink.eu\/wp-content\/uploads\/2023\/01\/IMG_20221103_120912-300x169.jpg\" alt=\"IMG_20221103_120912\" width=\"300\" height=\"169\" \/><\/p>","protected":false},"excerpt":{"rendered":"<p>Zsugorf\u00f3li\u00e1s \u00a0csomagol\u00e1s ponyva helyett!! Nem kell bajl\u00f3dni, nagym\u00e9ret\u0171 sz\u00e1ll\u00edtm\u00e1nyok ponyv\u00e1s takar\u00e1s\u00e1val. Ahelyett, hogy a sof\u0151r \u00f3r\u00e1k hosszat bajl\u00f3djon a koszos ponyva felrak\u00e1s\u00e1val, \u00e9s leszed\u00e9s\u00e9vel, tiszta, teljesen z\u00e1rt burkolatot adunk a term\u00e9knek, \u00a0a rakom\u00e1ny pedig indulhat id\u0151ben! \ud83d\ude42<\/p>","protected":false},"author":1,"featured_media":423,"parent":366,"menu_order":0,"comment_status":"closed","ping_status":"closed","template":"","meta":{"ngg_post_thumbnail":0,"footnotes":""},"class_list":["post-411","page","type-page","status-publish","has-post-thumbnail","hentry"],"_links":{"self":[{"href":"https:\/\/euroshrink.eu\/en\/wp-json\/wp\/v2\/pages\/411","targetHints":{"allow":["GET"]}}],"collection":[{"href":"https:\/\/euroshrink.eu\/en\/wp-json\/wp\/v2\/pages"}],"about":[{"href":"https:\/\/euroshrink.eu\/en\/wp-json\/wp\/v2\/types\/page"}],"author":[{"embeddable":true,"href":"https:\/\/euroshrink.eu\/en\/wp-json\/wp\/v2\/users\/1"}],"replies":[{"embeddable":true,"href":"https:\/\/euroshrink.eu\/en\/wp-json\/wp\/v2\/comments?post=411"}],"version-history":[{"count":8,"href":"https:\/\/euroshrink.eu\/en\/wp-json\/wp\/v2\/pages\/411\/revisions"}],"predecessor-version":[{"id":594,"href":"https:\/\/euroshrink.eu\/en\/wp-json\/wp\/v2\/pages\/411\/revisions\/594"}],"up":[{"embeddable":true,"href":"https:\/\/euroshrink.eu\/en\/wp-json\/wp\/v2\/pages\/366"}],"wp:featuredmedia":[{"embeddable":true,"href":"https:\/\/euroshrink.eu\/en\/wp-json\/wp\/v2\/media\/423"}],"wp:attachment":[{"href":"https:\/\/euroshrink.eu\/en\/wp-json\/wp\/v2\/media?parent=411"}],"curies":[{"name":"wp","href":"https:\/\/api.w.org\/{rel}","templated":true}]}}