{"id":35,"date":"2016-08-23T06:04:47","date_gmt":"2016-08-23T06:04:47","guid":{"rendered":"http:\/\/euroshrink.eu\/?page_id=35"},"modified":"2019-06-25T15:29:15","modified_gmt":"2019-06-25T15:29:15","slug":"hajocsomagolas-teliesites","status":"publish","type":"page","link":"https:\/\/euroshrink.eu\/en\/zsugorfolias-csomagolas\/hajocsomagolas-teliesites\/","title":{"rendered":"HAJ\u00d3CSOMAGOL\u00c1S"},"content":{"rendered":"<p style=\"text-align: justify;\">A f\u00f3li\u00e1z\u00e1s sor\u00e1n a letiszt\u00edtott haj\u00f3t letakarjuk egy h\u0151re zsugorod\u00f3 f\u00f3li\u00e1val, melyet megfelel\u0151k\u00e9ppen kit\u00e1masztunk alulr\u00f3l, hogy a csapad\u00e9k k\u00f6nnyen lecs\u00fasszon r\u00f3la. A f\u00f3li\u00e1t leh\u00fazzuk a v\u00edzvonalig, majd h\u0151l\u00e9gf\u00fav\u00f3 seg\u00edts\u00e9g\u00e9vel r\u00e1zsugor\u00edtjuk a haj\u00f3ra. A megfelel\u0151 bels\u0151 l\u00e9g\u00e1raml\u00e1st kis szell\u0151z\u0151kkel oldjuk meg. Ezzel a technol\u00f3gi\u00e1val mind t\u00e9lies\u00edt\u00e9sre, mind sz\u00e1ll\u00edt\u00e1sra k\u00e9sz\u00edt\u00fcnk f\u00f6l haj\u00f3kat. el\u0151nyei: &#8211; eg\u00e9sz t\u00e9len v\u00e9d a rombol\u00f3 UV sugarak el\u0151l &#8211; a szoros zsugorf\u00f3li\u00e1nak k\u00f6sz\u00f6nhet\u0151en csak minim\u00e1lis por jut be szell\u0151z\u0151k\u00f6n, \u00edgy tavasszal nem kell \u00fajabb nagy takar\u00edt\u00e1st csin\u00e1lni, &#8211; nem jutnak be a r\u00e1gcs\u00e1l\u00f3k, macsk\u00e1k \u00e9s a t\u00f6bbi k\u00e1rt\u00e9kony \u00e1llatok, &#8211; a f\u00f3lia al\u00e1 csak roncsol\u00e1ssal, v\u00e1g\u00e1ssal lehet bejutni, \u00edgy egy\u00e9rtelm\u0171 nyoma marad az idegen behatol\u00e1snak, &#8211; a f\u00f3lia fel\u00fclete sima egyenletes, \u00edgy a sz\u00e9l sem tud \u00fagy belekapaszkodni, mint egy hagyom\u00e1nyos ponyv\u00e1ba.<!-- default-view.php -->\n<div\n\tclass=\"ngg-galleryoverview default-view\t ngg-ajax-pagination-none\"\n\tid=\"ngg-gallery-6c7e61aa304c059a7801cc61a77c0f1b-1\"\n\tdata-gallery-id=\"2\">\n\n\t\t<!-- Thumbnails -->\n\t\t\t\t<div id=\"ngg-image-0\" class=\"ngg-gallery-thumbnail-box\t\t\t\t\t\t\t\tngg-2-columns\"\n\t\t\t>\n\t\t\t\t\t\t<div class=\"ngg-gallery-thumbnail\">\n\t\t\t<a href=\"https:\/\/euroshrink.eu\/wp-content\/gallery\/hajofolia\/2013-09-21-18.33.45.jpg\"\n\t\t\t\ttitle=\"\"\n\t\t\t\tdata-src=\"https:\/\/euroshrink.eu\/wp-content\/gallery\/hajofolia\/2013-09-21-18.33.45.jpg\"\n\t\t\t\tdata-thumbnail=\"https:\/\/euroshrink.eu\/wp-content\/gallery\/hajofolia\/thumbs\/thumbs_2013-09-21-18.33.45.jpg\"\n\t\t\t\tdata-image-id=\"8\"\n\t\t\t\tdata-title=\"2013-09-21 18.33.45\"\n\t\t\t\tdata-description=\"\"\n\t\t\t\tdata-image-slug=\"2013-09-21-18-33-45\"\n\t\t\t\t\t\t\t\t\t\t\t\t\t\t\t\t\t\t\t\tclass=\"ngg-fancybox\" rel=\"6c7e61aa304c059a7801cc61a77c0f1b\">\n\t\t\t\t\t\t\t\t<img\n\t\t\t\t\ttitle=\"2013-09-21 18.33.45\"\n\t\t\t\t\talt=\"2013-09-21 18.33.45\"\n\t\t\t\t\tsrc=\"https:\/\/euroshrink.eu\/wp-content\/gallery\/hajofolia\/thumbs\/thumbs_2013-09-21-18.33.45.jpg\"\n\t\t\t\t\twidth=\"240\"\n\t\t\t\t\theight=\"160\"\n\t\t\t\t\tstyle=\"max-width:100%;\"\n\t\t\t\t\/>\n\t\t\t<\/a>\n\t\t<\/div>\n\t\t\t\t\t\t\t<\/div>\n\t\t\t\n\t\t\t\t<div id=\"ngg-image-1\" class=\"ngg-gallery-thumbnail-box\t\t\t\t\t\t\t\tngg-2-columns\"\n\t\t\t>\n\t\t\t\t\t\t<div class=\"ngg-gallery-thumbnail\">\n\t\t\t<a href=\"https:\/\/euroshrink.eu\/wp-content\/gallery\/hajofolia\/2013-09-21-18.22.20.jpg\"\n\t\t\t\ttitle=\"\"\n\t\t\t\tdata-src=\"https:\/\/euroshrink.eu\/wp-content\/gallery\/hajofolia\/2013-09-21-18.22.20.jpg\"\n\t\t\t\tdata-thumbnail=\"https:\/\/euroshrink.eu\/wp-content\/gallery\/hajofolia\/thumbs\/thumbs_2013-09-21-18.22.20.jpg\"\n\t\t\t\tdata-image-id=\"9\"\n\t\t\t\tdata-title=\"2013-09-21 18.22.20\"\n\t\t\t\tdata-description=\"\"\n\t\t\t\tdata-image-slug=\"2013-09-21-18-22-20\"\n\t\t\t\t\t\t\t\t\t\t\t\t\t\t\t\t\t\t\t\tclass=\"ngg-fancybox\" rel=\"6c7e61aa304c059a7801cc61a77c0f1b\">\n\t\t\t\t\t\t\t\t<img\n\t\t\t\t\ttitle=\"2013-09-21 18.22.20\"\n\t\t\t\t\talt=\"2013-09-21 18.22.20\"\n\t\t\t\t\tsrc=\"https:\/\/euroshrink.eu\/wp-content\/gallery\/hajofolia\/thumbs\/thumbs_2013-09-21-18.22.20.jpg\"\n\t\t\t\t\twidth=\"240\"\n\t\t\t\t\theight=\"160\"\n\t\t\t\t\tstyle=\"max-width:100%;\"\n\t\t\t\t\/>\n\t\t\t<\/a>\n\t\t<\/div>\n\t\t\t\t\t\t\t<\/div>\n\t\t\t\n\t\t\t\t<div id=\"ngg-image-2\" class=\"ngg-gallery-thumbnail-box\t\t\t\t\t\t\t\tngg-2-columns\"\n\t\t\t>\n\t\t\t\t\t\t<div class=\"ngg-gallery-thumbnail\">\n\t\t\t<a href=\"https:\/\/euroshrink.eu\/wp-content\/gallery\/hajofolia\/2013-09-21-12.36.05.jpg\"\n\t\t\t\ttitle=\"\"\n\t\t\t\tdata-src=\"https:\/\/euroshrink.eu\/wp-content\/gallery\/hajofolia\/2013-09-21-12.36.05.jpg\"\n\t\t\t\tdata-thumbnail=\"https:\/\/euroshrink.eu\/wp-content\/gallery\/hajofolia\/thumbs\/thumbs_2013-09-21-12.36.05.jpg\"\n\t\t\t\tdata-image-id=\"10\"\n\t\t\t\tdata-title=\"2013-09-21 12.36.05\"\n\t\t\t\tdata-description=\"\"\n\t\t\t\tdata-image-slug=\"2013-09-21-12-36-05\"\n\t\t\t\t\t\t\t\t\t\t\t\t\t\t\t\t\t\t\t\tclass=\"ngg-fancybox\" rel=\"6c7e61aa304c059a7801cc61a77c0f1b\">\n\t\t\t\t\t\t\t\t<img\n\t\t\t\t\ttitle=\"2013-09-21 12.36.05\"\n\t\t\t\t\talt=\"2013-09-21 12.36.05\"\n\t\t\t\t\tsrc=\"https:\/\/euroshrink.eu\/wp-content\/gallery\/hajofolia\/thumbs\/thumbs_2013-09-21-12.36.05.jpg\"\n\t\t\t\t\twidth=\"240\"\n\t\t\t\t\theight=\"160\"\n\t\t\t\t\tstyle=\"max-width:100%;\"\n\t\t\t\t\/>\n\t\t\t<\/a>\n\t\t<\/div>\n\t\t\t\t\t\t\t<\/div>\n\t\t\t\n\t\t\t\t<div id=\"ngg-image-3\" class=\"ngg-gallery-thumbnail-box\t\t\t\t\t\t\t\tngg-2-columns\"\n\t\t\t>\n\t\t\t\t\t\t<div class=\"ngg-gallery-thumbnail\">\n\t\t\t<a href=\"https:\/\/euroshrink.eu\/wp-content\/gallery\/hajofolia\/20151221_134848.jpg\"\n\t\t\t\ttitle=\"\"\n\t\t\t\tdata-src=\"https:\/\/euroshrink.eu\/wp-content\/gallery\/hajofolia\/20151221_134848.jpg\"\n\t\t\t\tdata-thumbnail=\"https:\/\/euroshrink.eu\/wp-content\/gallery\/hajofolia\/thumbs\/thumbs_20151221_134848.jpg\"\n\t\t\t\tdata-image-id=\"11\"\n\t\t\t\tdata-title=\"20151221_134848\"\n\t\t\t\tdata-description=\"\"\n\t\t\t\tdata-image-slug=\"20151221_134848\"\n\t\t\t\t\t\t\t\t\t\t\t\t\t\t\t\t\t\t\t\tclass=\"ngg-fancybox\" rel=\"6c7e61aa304c059a7801cc61a77c0f1b\">\n\t\t\t\t\t\t\t\t<img\n\t\t\t\t\ttitle=\"20151221_134848\"\n\t\t\t\t\talt=\"20151221_134848\"\n\t\t\t\t\tsrc=\"https:\/\/euroshrink.eu\/wp-content\/gallery\/hajofolia\/thumbs\/thumbs_20151221_134848.jpg\"\n\t\t\t\t\twidth=\"240\"\n\t\t\t\t\theight=\"160\"\n\t\t\t\t\tstyle=\"max-width:100%;\"\n\t\t\t\t\/>\n\t\t\t<\/a>\n\t\t<\/div>\n\t\t\t\t\t\t\t<\/div>\n\t\t\t\n\t\t\t\t<div id=\"ngg-image-4\" class=\"ngg-gallery-thumbnail-box\t\t\t\t\t\t\t\tngg-2-columns\"\n\t\t\t>\n\t\t\t\t\t\t<div class=\"ngg-gallery-thumbnail\">\n\t\t\t<a href=\"https:\/\/euroshrink.eu\/wp-content\/gallery\/hajofolia\/20151221_125626.jpg\"\n\t\t\t\ttitle=\"\"\n\t\t\t\tdata-src=\"https:\/\/euroshrink.eu\/wp-content\/gallery\/hajofolia\/20151221_125626.jpg\"\n\t\t\t\tdata-thumbnail=\"https:\/\/euroshrink.eu\/wp-content\/gallery\/hajofolia\/thumbs\/thumbs_20151221_125626.jpg\"\n\t\t\t\tdata-image-id=\"13\"\n\t\t\t\tdata-title=\"20151221_125626\"\n\t\t\t\tdata-description=\"\"\n\t\t\t\tdata-image-slug=\"20151221_125626\"\n\t\t\t\t\t\t\t\t\t\t\t\t\t\t\t\t\t\t\t\tclass=\"ngg-fancybox\" rel=\"6c7e61aa304c059a7801cc61a77c0f1b\">\n\t\t\t\t\t\t\t\t<img\n\t\t\t\t\ttitle=\"20151221_125626\"\n\t\t\t\t\talt=\"20151221_125626\"\n\t\t\t\t\tsrc=\"https:\/\/euroshrink.eu\/wp-content\/gallery\/hajofolia\/thumbs\/thumbs_20151221_125626.jpg\"\n\t\t\t\t\twidth=\"240\"\n\t\t\t\t\theight=\"160\"\n\t\t\t\t\tstyle=\"max-width:100%;\"\n\t\t\t\t\/>\n\t\t\t<\/a>\n\t\t<\/div>\n\t\t\t\t\t\t\t<\/div>\n\t\t\t\n\t\t\t\t<div id=\"ngg-image-5\" class=\"ngg-gallery-thumbnail-box\t\t\t\t\t\t\t\tngg-2-columns\"\n\t\t\t>\n\t\t\t\t\t\t<div class=\"ngg-gallery-thumbnail\">\n\t\t\t<a href=\"https:\/\/euroshrink.eu\/wp-content\/gallery\/hajofolia\/20151212_142049.jpg\"\n\t\t\t\ttitle=\"\"\n\t\t\t\tdata-src=\"https:\/\/euroshrink.eu\/wp-content\/gallery\/hajofolia\/20151212_142049.jpg\"\n\t\t\t\tdata-thumbnail=\"https:\/\/euroshrink.eu\/wp-content\/gallery\/hajofolia\/thumbs\/thumbs_20151212_142049.jpg\"\n\t\t\t\tdata-image-id=\"14\"\n\t\t\t\tdata-title=\"20151212_142049\"\n\t\t\t\tdata-description=\"\"\n\t\t\t\tdata-image-slug=\"20151212_142049\"\n\t\t\t\t\t\t\t\t\t\t\t\t\t\t\t\t\t\t\t\tclass=\"ngg-fancybox\" rel=\"6c7e61aa304c059a7801cc61a77c0f1b\">\n\t\t\t\t\t\t\t\t<img\n\t\t\t\t\ttitle=\"20151212_142049\"\n\t\t\t\t\talt=\"20151212_142049\"\n\t\t\t\t\tsrc=\"https:\/\/euroshrink.eu\/wp-content\/gallery\/hajofolia\/thumbs\/thumbs_20151212_142049.jpg\"\n\t\t\t\t\twidth=\"240\"\n\t\t\t\t\theight=\"160\"\n\t\t\t\t\tstyle=\"max-width:100%;\"\n\t\t\t\t\/>\n\t\t\t<\/a>\n\t\t<\/div>\n\t\t\t\t\t\t\t<\/div>\n\t\t\t\n\t\t\t\t<div id=\"ngg-image-6\" class=\"ngg-gallery-thumbnail-box\t\t\t\t\t\t\t\tngg-2-columns\"\n\t\t\t>\n\t\t\t\t\t\t<div class=\"ngg-gallery-thumbnail\">\n\t\t\t<a href=\"https:\/\/euroshrink.eu\/wp-content\/gallery\/hajofolia\/20151212_142037.jpg\"\n\t\t\t\ttitle=\"\"\n\t\t\t\tdata-src=\"https:\/\/euroshrink.eu\/wp-content\/gallery\/hajofolia\/20151212_142037.jpg\"\n\t\t\t\tdata-thumbnail=\"https:\/\/euroshrink.eu\/wp-content\/gallery\/hajofolia\/thumbs\/thumbs_20151212_142037.jpg\"\n\t\t\t\tdata-image-id=\"15\"\n\t\t\t\tdata-title=\"20151212_142037\"\n\t\t\t\tdata-description=\"\"\n\t\t\t\tdata-image-slug=\"20151212_142037\"\n\t\t\t\t\t\t\t\t\t\t\t\t\t\t\t\t\t\t\t\tclass=\"ngg-fancybox\" rel=\"6c7e61aa304c059a7801cc61a77c0f1b\">\n\t\t\t\t\t\t\t\t<img\n\t\t\t\t\ttitle=\"20151212_142037\"\n\t\t\t\t\talt=\"20151212_142037\"\n\t\t\t\t\tsrc=\"https:\/\/euroshrink.eu\/wp-content\/gallery\/hajofolia\/thumbs\/thumbs_20151212_142037.jpg\"\n\t\t\t\t\twidth=\"240\"\n\t\t\t\t\theight=\"160\"\n\t\t\t\t\tstyle=\"max-width:100%;\"\n\t\t\t\t\/>\n\t\t\t<\/a>\n\t\t<\/div>\n\t\t\t\t\t\t\t<\/div>\n\t\t\t\n\t\t\t\t<div id=\"ngg-image-7\" class=\"ngg-gallery-thumbnail-box\t\t\t\t\t\t\t\tngg-2-columns\"\n\t\t\t>\n\t\t\t\t\t\t<div class=\"ngg-gallery-thumbnail\">\n\t\t\t<a href=\"https:\/\/euroshrink.eu\/wp-content\/gallery\/hajofolia\/20151212_141939.jpg\"\n\t\t\t\ttitle=\"\"\n\t\t\t\tdata-src=\"https:\/\/euroshrink.eu\/wp-content\/gallery\/hajofolia\/20151212_141939.jpg\"\n\t\t\t\tdata-thumbnail=\"https:\/\/euroshrink.eu\/wp-content\/gallery\/hajofolia\/thumbs\/thumbs_20151212_141939.jpg\"\n\t\t\t\tdata-image-id=\"16\"\n\t\t\t\tdata-title=\"20151212_141939\"\n\t\t\t\tdata-description=\"\"\n\t\t\t\tdata-image-slug=\"20151212_141939\"\n\t\t\t\t\t\t\t\t\t\t\t\t\t\t\t\t\t\t\t\tclass=\"ngg-fancybox\" rel=\"6c7e61aa304c059a7801cc61a77c0f1b\">\n\t\t\t\t\t\t\t\t<img\n\t\t\t\t\ttitle=\"20151212_141939\"\n\t\t\t\t\talt=\"20151212_141939\"\n\t\t\t\t\tsrc=\"https:\/\/euroshrink.eu\/wp-content\/gallery\/hajofolia\/thumbs\/thumbs_20151212_141939.jpg\"\n\t\t\t\t\twidth=\"240\"\n\t\t\t\t\theight=\"160\"\n\t\t\t\t\tstyle=\"max-width:100%;\"\n\t\t\t\t\/>\n\t\t\t<\/a>\n\t\t<\/div>\n\t\t\t\t\t\t\t<\/div>\n\t\t\t\n\t\t\t\t<div id=\"ngg-image-8\" class=\"ngg-gallery-thumbnail-box\t\t\t\t\t\t\t\tngg-2-columns\"\n\t\t\t>\n\t\t\t\t\t\t<div class=\"ngg-gallery-thumbnail\">\n\t\t\t<a href=\"https:\/\/euroshrink.eu\/wp-content\/gallery\/hajofolia\/20151212_141450.jpg\"\n\t\t\t\ttitle=\"\"\n\t\t\t\tdata-src=\"https:\/\/euroshrink.eu\/wp-content\/gallery\/hajofolia\/20151212_141450.jpg\"\n\t\t\t\tdata-thumbnail=\"https:\/\/euroshrink.eu\/wp-content\/gallery\/hajofolia\/thumbs\/thumbs_20151212_141450.jpg\"\n\t\t\t\tdata-image-id=\"17\"\n\t\t\t\tdata-title=\"20151212_141450\"\n\t\t\t\tdata-description=\"\"\n\t\t\t\tdata-image-slug=\"20151212_141450\"\n\t\t\t\t\t\t\t\t\t\t\t\t\t\t\t\t\t\t\t\tclass=\"ngg-fancybox\" rel=\"6c7e61aa304c059a7801cc61a77c0f1b\">\n\t\t\t\t\t\t\t\t<img\n\t\t\t\t\ttitle=\"20151212_141450\"\n\t\t\t\t\talt=\"20151212_141450\"\n\t\t\t\t\tsrc=\"https:\/\/euroshrink.eu\/wp-content\/gallery\/hajofolia\/thumbs\/thumbs_20151212_141450.jpg\"\n\t\t\t\t\twidth=\"240\"\n\t\t\t\t\theight=\"160\"\n\t\t\t\t\tstyle=\"max-width:100%;\"\n\t\t\t\t\/>\n\t\t\t<\/a>\n\t\t<\/div>\n\t\t\t\t\t\t\t<\/div>\n\t\t\t\n\t\t\t\t<div id=\"ngg-image-9\" class=\"ngg-gallery-thumbnail-box\t\t\t\t\t\t\t\tngg-2-columns\"\n\t\t\t>\n\t\t\t\t\t\t<div class=\"ngg-gallery-thumbnail\">\n\t\t\t<a href=\"https:\/\/euroshrink.eu\/wp-content\/gallery\/hajofolia\/20151212_141130.jpg\"\n\t\t\t\ttitle=\"\"\n\t\t\t\tdata-src=\"https:\/\/euroshrink.eu\/wp-content\/gallery\/hajofolia\/20151212_141130.jpg\"\n\t\t\t\tdata-thumbnail=\"https:\/\/euroshrink.eu\/wp-content\/gallery\/hajofolia\/thumbs\/thumbs_20151212_141130.jpg\"\n\t\t\t\tdata-image-id=\"18\"\n\t\t\t\tdata-title=\"20151212_141130\"\n\t\t\t\tdata-description=\"\"\n\t\t\t\tdata-image-slug=\"20151212_141130\"\n\t\t\t\t\t\t\t\t\t\t\t\t\t\t\t\t\t\t\t\tclass=\"ngg-fancybox\" rel=\"6c7e61aa304c059a7801cc61a77c0f1b\">\n\t\t\t\t\t\t\t\t<img\n\t\t\t\t\ttitle=\"20151212_141130\"\n\t\t\t\t\talt=\"20151212_141130\"\n\t\t\t\t\tsrc=\"https:\/\/euroshrink.eu\/wp-content\/gallery\/hajofolia\/thumbs\/thumbs_20151212_141130.jpg\"\n\t\t\t\t\twidth=\"240\"\n\t\t\t\t\theight=\"160\"\n\t\t\t\t\tstyle=\"max-width:100%;\"\n\t\t\t\t\/>\n\t\t\t<\/a>\n\t\t<\/div>\n\t\t\t\t\t\t\t<\/div>\n\t\t\t\n\t\t\t\t<div id=\"ngg-image-10\" class=\"ngg-gallery-thumbnail-box\t\t\t\t\t\t\t\tngg-2-columns\"\n\t\t\t>\n\t\t\t\t\t\t<div class=\"ngg-gallery-thumbnail\">\n\t\t\t<a href=\"https:\/\/euroshrink.eu\/wp-content\/gallery\/hajofolia\/2013-09-21-18.22.201.jpg\"\n\t\t\t\ttitle=\"\"\n\t\t\t\tdata-src=\"https:\/\/euroshrink.eu\/wp-content\/gallery\/hajofolia\/2013-09-21-18.22.201.jpg\"\n\t\t\t\tdata-thumbnail=\"https:\/\/euroshrink.eu\/wp-content\/gallery\/hajofolia\/thumbs\/thumbs_2013-09-21-18.22.201.jpg\"\n\t\t\t\tdata-image-id=\"19\"\n\t\t\t\tdata-title=\"2013-09-21 18.22.20(1)\"\n\t\t\t\tdata-description=\"\"\n\t\t\t\tdata-image-slug=\"2013-09-21-18-22-201\"\n\t\t\t\t\t\t\t\t\t\t\t\t\t\t\t\t\t\t\t\tclass=\"ngg-fancybox\" rel=\"6c7e61aa304c059a7801cc61a77c0f1b\">\n\t\t\t\t\t\t\t\t<img\n\t\t\t\t\ttitle=\"2013-09-21 18.22.20(1)\"\n\t\t\t\t\talt=\"2013-09-21 18.22.20(1)\"\n\t\t\t\t\tsrc=\"https:\/\/euroshrink.eu\/wp-content\/gallery\/hajofolia\/thumbs\/thumbs_2013-09-21-18.22.201.jpg\"\n\t\t\t\t\twidth=\"240\"\n\t\t\t\t\theight=\"160\"\n\t\t\t\t\tstyle=\"max-width:100%;\"\n\t\t\t\t\/>\n\t\t\t<\/a>\n\t\t<\/div>\n\t\t\t\t\t\t\t<\/div>\n\t\t\t\n\t\t\t\t<div id=\"ngg-image-11\" class=\"ngg-gallery-thumbnail-box\t\t\t\t\t\t\t\tngg-2-columns\"\n\t\t\t>\n\t\t\t\t\t\t<div class=\"ngg-gallery-thumbnail\">\n\t\t\t<a href=\"https:\/\/euroshrink.eu\/wp-content\/gallery\/hajofolia\/04.jpg\"\n\t\t\t\ttitle=\"\"\n\t\t\t\tdata-src=\"https:\/\/euroshrink.eu\/wp-content\/gallery\/hajofolia\/04.jpg\"\n\t\t\t\tdata-thumbnail=\"https:\/\/euroshrink.eu\/wp-content\/gallery\/hajofolia\/thumbs\/thumbs_04.jpg\"\n\t\t\t\tdata-image-id=\"20\"\n\t\t\t\tdata-title=\"04\"\n\t\t\t\tdata-description=\"\"\n\t\t\t\tdata-image-slug=\"04\"\n\t\t\t\t\t\t\t\t\t\t\t\t\t\t\t\t\t\t\t\tclass=\"ngg-fancybox\" rel=\"6c7e61aa304c059a7801cc61a77c0f1b\">\n\t\t\t\t\t\t\t\t<img\n\t\t\t\t\ttitle=\"04\"\n\t\t\t\t\talt=\"04\"\n\t\t\t\t\tsrc=\"https:\/\/euroshrink.eu\/wp-content\/gallery\/hajofolia\/thumbs\/thumbs_04.jpg\"\n\t\t\t\t\twidth=\"240\"\n\t\t\t\t\theight=\"160\"\n\t\t\t\t\tstyle=\"max-width:100%;\"\n\t\t\t\t\/>\n\t\t\t<\/a>\n\t\t<\/div>\n\t\t\t\t\t\t\t<\/div>\n\t\t\t\n\t\t\t\t<div id=\"ngg-image-12\" class=\"ngg-gallery-thumbnail-box\t\t\t\t\t\t\t\tngg-2-columns\"\n\t\t\t>\n\t\t\t\t\t\t<div class=\"ngg-gallery-thumbnail\">\n\t\t\t<a href=\"https:\/\/euroshrink.eu\/wp-content\/gallery\/hajofolia\/2013-02-13-13.22.08.jpg\"\n\t\t\t\ttitle=\"\"\n\t\t\t\tdata-src=\"https:\/\/euroshrink.eu\/wp-content\/gallery\/hajofolia\/2013-02-13-13.22.08.jpg\"\n\t\t\t\tdata-thumbnail=\"https:\/\/euroshrink.eu\/wp-content\/gallery\/hajofolia\/thumbs\/thumbs_2013-02-13-13.22.08.jpg\"\n\t\t\t\tdata-image-id=\"26\"\n\t\t\t\tdata-title=\"2013-02-13 13.22.08\"\n\t\t\t\tdata-description=\"\"\n\t\t\t\tdata-image-slug=\"2013-02-13-13-22-08\"\n\t\t\t\t\t\t\t\t\t\t\t\t\t\t\t\t\t\t\t\tclass=\"ngg-fancybox\" rel=\"6c7e61aa304c059a7801cc61a77c0f1b\">\n\t\t\t\t\t\t\t\t<img\n\t\t\t\t\ttitle=\"2013-02-13 13.22.08\"\n\t\t\t\t\talt=\"2013-02-13 13.22.08\"\n\t\t\t\t\tsrc=\"https:\/\/euroshrink.eu\/wp-content\/gallery\/hajofolia\/thumbs\/thumbs_2013-02-13-13.22.08.jpg\"\n\t\t\t\t\twidth=\"240\"\n\t\t\t\t\theight=\"160\"\n\t\t\t\t\tstyle=\"max-width:100%;\"\n\t\t\t\t\/>\n\t\t\t<\/a>\n\t\t<\/div>\n\t\t\t\t\t\t\t<\/div>\n\t\t\t\n\t\t\t\t<div id=\"ngg-image-13\" class=\"ngg-gallery-thumbnail-box\t\t\t\t\t\t\t\tngg-2-columns\"\n\t\t\t>\n\t\t\t\t\t\t<div class=\"ngg-gallery-thumbnail\">\n\t\t\t<a href=\"https:\/\/euroshrink.eu\/wp-content\/gallery\/hajofolia\/20171101_132957.jpg\"\n\t\t\t\ttitle=\"\"\n\t\t\t\tdata-src=\"https:\/\/euroshrink.eu\/wp-content\/gallery\/hajofolia\/20171101_132957.jpg\"\n\t\t\t\tdata-thumbnail=\"https:\/\/euroshrink.eu\/wp-content\/gallery\/hajofolia\/thumbs\/thumbs_20171101_132957.jpg\"\n\t\t\t\tdata-image-id=\"27\"\n\t\t\t\tdata-title=\"20171101_132957\"\n\t\t\t\tdata-description=\"\"\n\t\t\t\tdata-image-slug=\"20171101_132957\"\n\t\t\t\t\t\t\t\t\t\t\t\t\t\t\t\t\t\t\t\tclass=\"ngg-fancybox\" rel=\"6c7e61aa304c059a7801cc61a77c0f1b\">\n\t\t\t\t\t\t\t\t<img\n\t\t\t\t\ttitle=\"20171101_132957\"\n\t\t\t\t\talt=\"20171101_132957\"\n\t\t\t\t\tsrc=\"https:\/\/euroshrink.eu\/wp-content\/gallery\/hajofolia\/thumbs\/thumbs_20171101_132957.jpg\"\n\t\t\t\t\twidth=\"240\"\n\t\t\t\t\theight=\"160\"\n\t\t\t\t\tstyle=\"max-width:100%;\"\n\t\t\t\t\/>\n\t\t\t<\/a>\n\t\t<\/div>\n\t\t\t\t\t\t\t<\/div>\n\t\t\t\n\t\t\t\t<div id=\"ngg-image-14\" class=\"ngg-gallery-thumbnail-box\t\t\t\t\t\t\t\tngg-2-columns\"\n\t\t\t>\n\t\t\t\t\t\t<div class=\"ngg-gallery-thumbnail\">\n\t\t\t<a href=\"https:\/\/euroshrink.eu\/wp-content\/gallery\/hajofolia\/20171101_132931.jpg\"\n\t\t\t\ttitle=\"\"\n\t\t\t\tdata-src=\"https:\/\/euroshrink.eu\/wp-content\/gallery\/hajofolia\/20171101_132931.jpg\"\n\t\t\t\tdata-thumbnail=\"https:\/\/euroshrink.eu\/wp-content\/gallery\/hajofolia\/thumbs\/thumbs_20171101_132931.jpg\"\n\t\t\t\tdata-image-id=\"28\"\n\t\t\t\tdata-title=\"20171101_132931\"\n\t\t\t\tdata-description=\"\"\n\t\t\t\tdata-image-slug=\"20171101_132931\"\n\t\t\t\t\t\t\t\t\t\t\t\t\t\t\t\t\t\t\t\tclass=\"ngg-fancybox\" rel=\"6c7e61aa304c059a7801cc61a77c0f1b\">\n\t\t\t\t\t\t\t\t<img\n\t\t\t\t\ttitle=\"20171101_132931\"\n\t\t\t\t\talt=\"20171101_132931\"\n\t\t\t\t\tsrc=\"https:\/\/euroshrink.eu\/wp-content\/gallery\/hajofolia\/thumbs\/thumbs_20171101_132931.jpg\"\n\t\t\t\t\twidth=\"240\"\n\t\t\t\t\theight=\"160\"\n\t\t\t\t\tstyle=\"max-width:100%;\"\n\t\t\t\t\/>\n\t\t\t<\/a>\n\t\t<\/div>\n\t\t\t\t\t\t\t<\/div>\n\t\t\t\n\t\t\t\t<div id=\"ngg-image-15\" class=\"ngg-gallery-thumbnail-box\t\t\t\t\t\t\t\tngg-2-columns\"\n\t\t\t>\n\t\t\t\t\t\t<div class=\"ngg-gallery-thumbnail\">\n\t\t\t<a href=\"https:\/\/euroshrink.eu\/wp-content\/gallery\/hajofolia\/20171031_123946.jpg\"\n\t\t\t\ttitle=\"\"\n\t\t\t\tdata-src=\"https:\/\/euroshrink.eu\/wp-content\/gallery\/hajofolia\/20171031_123946.jpg\"\n\t\t\t\tdata-thumbnail=\"https:\/\/euroshrink.eu\/wp-content\/gallery\/hajofolia\/thumbs\/thumbs_20171031_123946.jpg\"\n\t\t\t\tdata-image-id=\"29\"\n\t\t\t\tdata-title=\"20171031_123946\"\n\t\t\t\tdata-description=\"\"\n\t\t\t\tdata-image-slug=\"20171031_123946\"\n\t\t\t\t\t\t\t\t\t\t\t\t\t\t\t\t\t\t\t\tclass=\"ngg-fancybox\" rel=\"6c7e61aa304c059a7801cc61a77c0f1b\">\n\t\t\t\t\t\t\t\t<img\n\t\t\t\t\ttitle=\"20171031_123946\"\n\t\t\t\t\talt=\"20171031_123946\"\n\t\t\t\t\tsrc=\"https:\/\/euroshrink.eu\/wp-content\/gallery\/hajofolia\/thumbs\/thumbs_20171031_123946.jpg\"\n\t\t\t\t\twidth=\"240\"\n\t\t\t\t\theight=\"160\"\n\t\t\t\t\tstyle=\"max-width:100%;\"\n\t\t\t\t\/>\n\t\t\t<\/a>\n\t\t<\/div>\n\t\t\t\t\t\t\t<\/div>\n\t\t\t\n\t\t\t\t<div id=\"ngg-image-16\" class=\"ngg-gallery-thumbnail-box\t\t\t\t\t\t\t\tngg-2-columns\"\n\t\t\t>\n\t\t\t\t\t\t<div class=\"ngg-gallery-thumbnail\">\n\t\t\t<a href=\"https:\/\/euroshrink.eu\/wp-content\/gallery\/hajofolia\/20171029_153819.jpg\"\n\t\t\t\ttitle=\"\"\n\t\t\t\tdata-src=\"https:\/\/euroshrink.eu\/wp-content\/gallery\/hajofolia\/20171029_153819.jpg\"\n\t\t\t\tdata-thumbnail=\"https:\/\/euroshrink.eu\/wp-content\/gallery\/hajofolia\/thumbs\/thumbs_20171029_153819.jpg\"\n\t\t\t\tdata-image-id=\"30\"\n\t\t\t\tdata-title=\"20171029_153819\"\n\t\t\t\tdata-description=\"\"\n\t\t\t\tdata-image-slug=\"20171029_153819\"\n\t\t\t\t\t\t\t\t\t\t\t\t\t\t\t\t\t\t\t\tclass=\"ngg-fancybox\" rel=\"6c7e61aa304c059a7801cc61a77c0f1b\">\n\t\t\t\t\t\t\t\t<img\n\t\t\t\t\ttitle=\"20171029_153819\"\n\t\t\t\t\talt=\"20171029_153819\"\n\t\t\t\t\tsrc=\"https:\/\/euroshrink.eu\/wp-content\/gallery\/hajofolia\/thumbs\/thumbs_20171029_153819.jpg\"\n\t\t\t\t\twidth=\"240\"\n\t\t\t\t\theight=\"160\"\n\t\t\t\t\tstyle=\"max-width:100%;\"\n\t\t\t\t\/>\n\t\t\t<\/a>\n\t\t<\/div>\n\t\t\t\t\t\t\t<\/div>\n\t\t\t\n\t\t\t\t<div id=\"ngg-image-17\" class=\"ngg-gallery-thumbnail-box\t\t\t\t\t\t\t\tngg-2-columns\"\n\t\t\t>\n\t\t\t\t\t\t<div class=\"ngg-gallery-thumbnail\">\n\t\t\t<a href=\"https:\/\/euroshrink.eu\/wp-content\/gallery\/hajofolia\/20171021_131336.jpg\"\n\t\t\t\ttitle=\"\"\n\t\t\t\tdata-src=\"https:\/\/euroshrink.eu\/wp-content\/gallery\/hajofolia\/20171021_131336.jpg\"\n\t\t\t\tdata-thumbnail=\"https:\/\/euroshrink.eu\/wp-content\/gallery\/hajofolia\/thumbs\/thumbs_20171021_131336.jpg\"\n\t\t\t\tdata-image-id=\"31\"\n\t\t\t\tdata-title=\"20171021_131336\"\n\t\t\t\tdata-description=\"\"\n\t\t\t\tdata-image-slug=\"20171021_131336\"\n\t\t\t\t\t\t\t\t\t\t\t\t\t\t\t\t\t\t\t\tclass=\"ngg-fancybox\" rel=\"6c7e61aa304c059a7801cc61a77c0f1b\">\n\t\t\t\t\t\t\t\t<img\n\t\t\t\t\ttitle=\"20171021_131336\"\n\t\t\t\t\talt=\"20171021_131336\"\n\t\t\t\t\tsrc=\"https:\/\/euroshrink.eu\/wp-content\/gallery\/hajofolia\/thumbs\/thumbs_20171021_131336.jpg\"\n\t\t\t\t\twidth=\"240\"\n\t\t\t\t\theight=\"160\"\n\t\t\t\t\tstyle=\"max-width:100%;\"\n\t\t\t\t\/>\n\t\t\t<\/a>\n\t\t<\/div>\n\t\t\t\t\t\t\t<\/div>\n\t\t\t\n\t\t\t\t<div id=\"ngg-image-18\" class=\"ngg-gallery-thumbnail-box\t\t\t\t\t\t\t\tngg-2-columns\"\n\t\t\t>\n\t\t\t\t\t\t<div class=\"ngg-gallery-thumbnail\">\n\t\t\t<a href=\"https:\/\/euroshrink.eu\/wp-content\/gallery\/hajofolia\/20171021_130528.jpg\"\n\t\t\t\ttitle=\"\"\n\t\t\t\tdata-src=\"https:\/\/euroshrink.eu\/wp-content\/gallery\/hajofolia\/20171021_130528.jpg\"\n\t\t\t\tdata-thumbnail=\"https:\/\/euroshrink.eu\/wp-content\/gallery\/hajofolia\/thumbs\/thumbs_20171021_130528.jpg\"\n\t\t\t\tdata-image-id=\"32\"\n\t\t\t\tdata-title=\"20171021_130528\"\n\t\t\t\tdata-description=\"\"\n\t\t\t\tdata-image-slug=\"20171021_130528\"\n\t\t\t\t\t\t\t\t\t\t\t\t\t\t\t\t\t\t\t\tclass=\"ngg-fancybox\" rel=\"6c7e61aa304c059a7801cc61a77c0f1b\">\n\t\t\t\t\t\t\t\t<img\n\t\t\t\t\ttitle=\"20171021_130528\"\n\t\t\t\t\talt=\"20171021_130528\"\n\t\t\t\t\tsrc=\"https:\/\/euroshrink.eu\/wp-content\/gallery\/hajofolia\/thumbs\/thumbs_20171021_130528.jpg\"\n\t\t\t\t\twidth=\"240\"\n\t\t\t\t\theight=\"160\"\n\t\t\t\t\tstyle=\"max-width:100%;\"\n\t\t\t\t\/>\n\t\t\t<\/a>\n\t\t<\/div>\n\t\t\t\t\t\t\t<\/div>\n\t\t\t\n\t\t\t\t<div id=\"ngg-image-19\" class=\"ngg-gallery-thumbnail-box\t\t\t\t\t\t\t\tngg-2-columns\"\n\t\t\t>\n\t\t\t\t\t\t<div class=\"ngg-gallery-thumbnail\">\n\t\t\t<a href=\"https:\/\/euroshrink.eu\/wp-content\/gallery\/hajofolia\/IMG_2274.JPG\"\n\t\t\t\ttitle=\"\"\n\t\t\t\tdata-src=\"https:\/\/euroshrink.eu\/wp-content\/gallery\/hajofolia\/IMG_2274.JPG\"\n\t\t\t\tdata-thumbnail=\"https:\/\/euroshrink.eu\/wp-content\/gallery\/hajofolia\/thumbs\/thumbs_IMG_2274.JPG\"\n\t\t\t\tdata-image-id=\"45\"\n\t\t\t\tdata-title=\"IMG_2274\"\n\t\t\t\tdata-description=\"\"\n\t\t\t\tdata-image-slug=\"img_2274\"\n\t\t\t\t\t\t\t\t\t\t\t\t\t\t\t\t\t\t\t\tclass=\"ngg-fancybox\" rel=\"6c7e61aa304c059a7801cc61a77c0f1b\">\n\t\t\t\t\t\t\t\t<img\n\t\t\t\t\ttitle=\"IMG_2274\"\n\t\t\t\t\talt=\"IMG_2274\"\n\t\t\t\t\tsrc=\"https:\/\/euroshrink.eu\/wp-content\/gallery\/hajofolia\/thumbs\/thumbs_IMG_2274.JPG\"\n\t\t\t\t\twidth=\"240\"\n\t\t\t\t\theight=\"160\"\n\t\t\t\t\tstyle=\"max-width:100%;\"\n\t\t\t\t\/>\n\t\t\t<\/a>\n\t\t<\/div>\n\t\t\t\t\t\t\t<\/div>\n\t\t\t\n\t\n\t<br style=\"clear: both\" \/>\n\n\t\t<div class=\"slideshowlink\">\n\t\t<a href='https:\/\/euroshrink.eu\/en\/zsugorfolias-csomagolas\/hajocsomagolas-teliesites\/nggallery\/slideshow'>[Diavet\u00edt\u00e9s ind\u00edt\u00e1sa]<\/a>\n\n\t<\/div>\n\t\n\t\t<!-- Pagination -->\n\t\t<div class='ngg-navigation'><span class='current'>1<\/span>\n<a class='page-numbers' data-pageid='2' href='https:\/\/euroshrink.eu\/en\/zsugorfolias-csomagolas\/hajocsomagolas-teliesites\/nggallery\/page\/2'>2<\/a>\n<a class='prev' href='https:\/\/euroshrink.eu\/en\/zsugorfolias-csomagolas\/hajocsomagolas-teliesites\/nggallery\/page\/2' data-pageid=\"2\">&#9658;<\/a><\/div>\t<\/div>\n<\/p>","protected":false},"excerpt":{"rendered":"<p>A f\u00f3li\u00e1z\u00e1s sor\u00e1n a letiszt\u00edtott haj\u00f3t letakarjuk egy h\u0151re zsugorod\u00f3 f\u00f3li\u00e1val, melyet megfelel\u0151k\u00e9ppen kit\u00e1masztunk alulr\u00f3l, hogy a csapad\u00e9k k\u00f6nnyen lecs\u00fasszon r\u00f3la. A f\u00f3li\u00e1t leh\u00fazzuk a v\u00edzvonalig, majd h\u0151l\u00e9gf\u00fav\u00f3 seg\u00edts\u00e9g\u00e9vel r\u00e1zsugor\u00edtjuk a haj\u00f3ra. A megfelel\u0151 bels\u0151 l\u00e9g\u00e1raml\u00e1st kis szell\u0151z\u0151kkel oldjuk meg. Ezzel a technol\u00f3gi\u00e1val mind t\u00e9lies\u00edt\u00e9sre, mind sz\u00e1ll\u00edt\u00e1sra k\u00e9sz\u00edt\u00fcnk f\u00f6l haj\u00f3kat.&hellip; <\/p>","protected":false},"author":1,"featured_media":0,"parent":366,"menu_order":0,"comment_status":"closed","ping_status":"closed","template":"","meta":{"ngg_post_thumbnail":0,"footnotes":""},"class_list":["post-35","page","type-page","status-publish","hentry"],"_links":{"self":[{"href":"https:\/\/euroshrink.eu\/en\/wp-json\/wp\/v2\/pages\/35","targetHints":{"allow":["GET"]}}],"collection":[{"href":"https:\/\/euroshrink.eu\/en\/wp-json\/wp\/v2\/pages"}],"about":[{"href":"https:\/\/euroshrink.eu\/en\/wp-json\/wp\/v2\/types\/page"}],"author":[{"embeddable":true,"href":"https:\/\/euroshrink.eu\/en\/wp-json\/wp\/v2\/users\/1"}],"replies":[{"embeddable":true,"href":"https:\/\/euroshrink.eu\/en\/wp-json\/wp\/v2\/comments?post=35"}],"version-history":[{"count":8,"href":"https:\/\/euroshrink.eu\/en\/wp-json\/wp\/v2\/pages\/35\/revisions"}],"predecessor-version":[{"id":292,"href":"https:\/\/euroshrink.eu\/en\/wp-json\/wp\/v2\/pages\/35\/revisions\/292"}],"up":[{"embeddable":true,"href":"https:\/\/euroshrink.eu\/en\/wp-json\/wp\/v2\/pages\/366"}],"wp:attachment":[{"href":"https:\/\/euroshrink.eu\/en\/wp-json\/wp\/v2\/media?parent=35"}],"curies":[{"name":"wp","href":"https:\/\/api.w.org\/{rel}","templated":true}]}}