{"id":30,"date":"2016-08-23T04:59:50","date_gmt":"2016-08-23T04:59:50","guid":{"rendered":"http:\/\/euroshrink.eu\/?page_id=30"},"modified":"2025-10-15T02:24:07","modified_gmt":"2025-10-15T02:24:07","slug":"allvanyfolia","status":"publish","type":"page","link":"https:\/\/euroshrink.eu\/en\/allvanyfolia\/","title":{"rendered":"\u00c1LLV\u00c1NYF\u00d3LI\u00c1Z\u00c1S  ZSUGORF\u00d3LI\u00c1VAL"},"content":{"rendered":"<p>\u00c1LLV\u00c1NYF\u00d3LI\u00c1Z\u00c1S<\/p>\n<p>Az \u00e1llv\u00e1nyf\u00f3lia egy olyan er\u0151s \u00e9s tart\u00f3s m\u0171anyag burkolat, amely \u00f6tv\u00f6zi a k\u00fcls\u0151 \u00e9s a bels\u0151 v\u00e9delm\u00e9t: meg\u00f3vja a munkaer\u0151t \u00e9s az eszk\u00f6z\u00f6ket a rossz id\u0151j\u00e1r\u00e1st\u00f3l (nap, es\u0151, h\u00f3\u2026) , a k\u00f6rnyezetet pedig a helysz\u00ednen keletkezett por \u00e9s t\u00f6rmel\u00e9k ellen.<\/p>\n<p>Az \u00e1llv\u00e1nyf\u00f3lia h\u0151 hat\u00e1s\u00e1ra &#8220;dob feszesre&#8221; zsugorodik \u00edgy k\u00e9pez szakad\u00e1s\u00e1ll\u00f3 burkolatot nem csak tet\u0151 \u00e9s homlokzat, hanem b\u00e1rmilyen m\u00e9ret\u0171 vagy form\u00e1j\u00fa \u00e1llv\u00e1nyszerkezet sz\u00e1m\u00e1ra. A zsugorf\u00f3lia sz\u00e9leket h\u0151vel hegesztj\u00fck egym\u00e1shoz, \u00edgy a hagyom\u00e1nyos v\u00e9delemmel szemben egy folyamatos, lyukak n\u00e9lk\u00fcli un. \u201em\u00e1sodik b\u0151rt\u201d hozunk l\u00e9tre.<\/p>\n<p>Mi\u00e9rt haszn\u00e1ljon \u00e9p\u00fcletszerkezetek, \u00e1llv\u00e1nyok burkol\u00e1s\u00e1ra ilyen zsugorf\u00f3li\u00e1t?<\/p>\n<ul>\n<li>Kisz\u00e1m\u00edthat\u00f3 munkaid\u0151 \u2013 a rossz id\u0151j\u00e1r\u00e1s miatt nincsenek \u00fcres napok, (extra \u00e1llv\u00e1nyb\u00e9rl\u00e9s, kihaszn\u00e1latlan munka\u00f3r\u00e1k stb.)<\/li>\n<li>&#8216;Dob-feszes &#8221; csomagol\u00e1s &#8211; nincs kock\u00e1zata annak, hogy nagy sz\u00e9lben meglazul, vagy lerep\u00fcl.<\/li>\n<li>Hossz\u00fa \u00e9lettartam\u00fa \u2013 az adal\u00e9kanyagok biztos\u00edtj\u00e1k, hogy megbirk\u00f3zik minden \u00e9vszakkal \u00e9s h\u0151m\u00e9rs\u00e9klettel.<\/li>\n<li>Strapab\u00edr\u00f3 &#8211; cs\u00f6kkenti a jav\u00edt\u00e1si munk\u00e1k (extra k\u00f6lts\u00e9g) sz\u00fcks\u00e9gess\u00e9g\u00e9t.<\/li>\n<li>Sokoldal\u00fa &#8211; b\u00e1rmilyen m\u00e9ret\u0171 vagy alak\u00fa szerkezet becsomagolhat\u00f3.<\/li>\n<li>L\u00e1ng\u00e1ll\u00f3 &#8211; BS: EN13501 Class B szabv\u00e1nyok \u00e1ltal tesztelt.<\/li>\n<li>Eleg\u00e1ns megjelen\u00e9s \u2013 professzion\u00e1lis k\u00fcls\u0151t k\u00f6lcs\u00f6n\u00f6z.<\/li>\n<\/ul>\n<p>&nbsp;<\/p>\n\n\n<figure class=\"wp-block-gallery has-nested-images columns-default is-cropped wp-block-gallery-1 is-layout-flex wp-block-gallery-is-layout-flex\">\n<figure class=\"wp-block-image size-large\"><img fetchpriority=\"high\" decoding=\"async\" width=\"762\" height=\"1024\" data-id=\"571\" src=\"https:\/\/euroshrink.eu\/wp-content\/uploads\/2025\/10\/Nevtelen1-762x1024.jpg\" alt=\"\" class=\"wp-image-571\" srcset=\"https:\/\/euroshrink.eu\/wp-content\/uploads\/2025\/10\/Nevtelen1-762x1024.jpg 762w, https:\/\/euroshrink.eu\/wp-content\/uploads\/2025\/10\/Nevtelen1-223x300.jpg 223w, https:\/\/euroshrink.eu\/wp-content\/uploads\/2025\/10\/Nevtelen1-768x1032.jpg 768w, https:\/\/euroshrink.eu\/wp-content\/uploads\/2025\/10\/Nevtelen1-9x12.jpg 9w, https:\/\/euroshrink.eu\/wp-content\/uploads\/2025\/10\/Nevtelen1-446x600.jpg 446w, https:\/\/euroshrink.eu\/wp-content\/uploads\/2025\/10\/Nevtelen1-119x160.jpg 119w, https:\/\/euroshrink.eu\/wp-content\/uploads\/2025\/10\/Nevtelen1.jpg 1064w\" sizes=\"(max-width: 762px) 100vw, 762px\" \/><figcaption class=\"wp-element-caption\">Screenshot<\/figcaption><\/figure>\n\n\n\n<figure class=\"wp-block-image size-large\"><img decoding=\"async\" width=\"764\" height=\"1024\" data-id=\"570\" src=\"https:\/\/euroshrink.eu\/wp-content\/uploads\/2025\/10\/Nevtelen2-764x1024.jpg\" alt=\"\" class=\"wp-image-570\" srcset=\"https:\/\/euroshrink.eu\/wp-content\/uploads\/2025\/10\/Nevtelen2-764x1024.jpg 764w, https:\/\/euroshrink.eu\/wp-content\/uploads\/2025\/10\/Nevtelen2-224x300.jpg 224w, https:\/\/euroshrink.eu\/wp-content\/uploads\/2025\/10\/Nevtelen2-768x1029.jpg 768w, https:\/\/euroshrink.eu\/wp-content\/uploads\/2025\/10\/Nevtelen2-9x12.jpg 9w, https:\/\/euroshrink.eu\/wp-content\/uploads\/2025\/10\/Nevtelen2-448x600.jpg 448w, https:\/\/euroshrink.eu\/wp-content\/uploads\/2025\/10\/Nevtelen2-119x160.jpg 119w, https:\/\/euroshrink.eu\/wp-content\/uploads\/2025\/10\/Nevtelen2.jpg 1052w\" sizes=\"(max-width: 764px) 100vw, 764px\" \/><figcaption class=\"wp-element-caption\">Screenshot<\/figcaption><\/figure>\n\n\n\n<figure class=\"wp-block-image size-large\"><img decoding=\"async\" width=\"774\" height=\"908\" data-id=\"569\" src=\"https:\/\/euroshrink.eu\/wp-content\/uploads\/2025\/10\/Nevtelen3.jpg\" alt=\"\" class=\"wp-image-569\" srcset=\"https:\/\/euroshrink.eu\/wp-content\/uploads\/2025\/10\/Nevtelen3.jpg 774w, https:\/\/euroshrink.eu\/wp-content\/uploads\/2025\/10\/Nevtelen3-256x300.jpg 256w, https:\/\/euroshrink.eu\/wp-content\/uploads\/2025\/10\/Nevtelen3-768x901.jpg 768w, https:\/\/euroshrink.eu\/wp-content\/uploads\/2025\/10\/Nevtelen3-10x12.jpg 10w, https:\/\/euroshrink.eu\/wp-content\/uploads\/2025\/10\/Nevtelen3-511x600.jpg 511w, https:\/\/euroshrink.eu\/wp-content\/uploads\/2025\/10\/Nevtelen3-136x160.jpg 136w\" sizes=\"(max-width: 774px) 100vw, 774px\" \/><figcaption class=\"wp-element-caption\">Screenshot<\/figcaption><\/figure>\n\n\n\n<figure class=\"wp-block-image size-large\"><img loading=\"lazy\" decoding=\"async\" width=\"1024\" height=\"768\" data-id=\"415\" src=\"https:\/\/euroshrink.eu\/wp-content\/uploads\/2023\/01\/IMG_20211111_144329-1024x768.jpg\" alt=\"\" class=\"wp-image-415\" srcset=\"https:\/\/euroshrink.eu\/wp-content\/uploads\/2023\/01\/IMG_20211111_144329-1024x768.jpg 1024w, https:\/\/euroshrink.eu\/wp-content\/uploads\/2023\/01\/IMG_20211111_144329-300x225.jpg 300w, https:\/\/euroshrink.eu\/wp-content\/uploads\/2023\/01\/IMG_20211111_144329-768x576.jpg 768w, https:\/\/euroshrink.eu\/wp-content\/uploads\/2023\/01\/IMG_20211111_144329-600x450.jpg 600w, https:\/\/euroshrink.eu\/wp-content\/uploads\/2023\/01\/IMG_20211111_144329-213x160.jpg 213w, https:\/\/euroshrink.eu\/wp-content\/uploads\/2023\/01\/IMG_20211111_144329-16x12.jpg 16w\" sizes=\"(max-width: 1024px) 100vw, 1024px\" \/><\/figure>\n\n\n\n<figure class=\"wp-block-image size-large\"><img loading=\"lazy\" decoding=\"async\" width=\"1024\" height=\"768\" data-id=\"414\" src=\"https:\/\/euroshrink.eu\/wp-content\/uploads\/2023\/01\/IMG_20211111_144141-1024x768.jpg\" alt=\"\" class=\"wp-image-414\" srcset=\"https:\/\/euroshrink.eu\/wp-content\/uploads\/2023\/01\/IMG_20211111_144141-1024x768.jpg 1024w, https:\/\/euroshrink.eu\/wp-content\/uploads\/2023\/01\/IMG_20211111_144141-300x225.jpg 300w, https:\/\/euroshrink.eu\/wp-content\/uploads\/2023\/01\/IMG_20211111_144141-768x576.jpg 768w, https:\/\/euroshrink.eu\/wp-content\/uploads\/2023\/01\/IMG_20211111_144141-600x450.jpg 600w, https:\/\/euroshrink.eu\/wp-content\/uploads\/2023\/01\/IMG_20211111_144141-213x160.jpg 213w, https:\/\/euroshrink.eu\/wp-content\/uploads\/2023\/01\/IMG_20211111_144141-16x12.jpg 16w\" sizes=\"(max-width: 1024px) 100vw, 1024px\" \/><\/figure>\n\n\n\n<figure class=\"wp-block-image size-large\"><img loading=\"lazy\" decoding=\"async\" width=\"1024\" height=\"768\" data-id=\"413\" src=\"https:\/\/euroshrink.eu\/wp-content\/uploads\/2023\/01\/IMG_20211105_070924-1024x768.jpg\" alt=\"\" class=\"wp-image-413\" srcset=\"https:\/\/euroshrink.eu\/wp-content\/uploads\/2023\/01\/IMG_20211105_070924-1024x768.jpg 1024w, https:\/\/euroshrink.eu\/wp-content\/uploads\/2023\/01\/IMG_20211105_070924-300x225.jpg 300w, https:\/\/euroshrink.eu\/wp-content\/uploads\/2023\/01\/IMG_20211105_070924-768x576.jpg 768w, https:\/\/euroshrink.eu\/wp-content\/uploads\/2023\/01\/IMG_20211105_070924-600x450.jpg 600w, https:\/\/euroshrink.eu\/wp-content\/uploads\/2023\/01\/IMG_20211105_070924-213x160.jpg 213w, https:\/\/euroshrink.eu\/wp-content\/uploads\/2023\/01\/IMG_20211105_070924-16x12.jpg 16w\" sizes=\"(max-width: 1024px) 100vw, 1024px\" \/><\/figure>\n\n\n\n<figure class=\"wp-block-image size-large\"><img loading=\"lazy\" decoding=\"async\" width=\"1024\" height=\"580\" data-id=\"394\" src=\"https:\/\/euroshrink.eu\/wp-content\/uploads\/2020\/02\/IMAG2654-1024x580.jpg\" alt=\"\" class=\"wp-image-394\" srcset=\"https:\/\/euroshrink.eu\/wp-content\/uploads\/2020\/02\/IMAG2654-1024x580.jpg 1024w, https:\/\/euroshrink.eu\/wp-content\/uploads\/2020\/02\/IMAG2654-300x170.jpg 300w, https:\/\/euroshrink.eu\/wp-content\/uploads\/2020\/02\/IMAG2654-768x435.jpg 768w, https:\/\/euroshrink.eu\/wp-content\/uploads\/2020\/02\/IMAG2654-600x340.jpg 600w, https:\/\/euroshrink.eu\/wp-content\/uploads\/2020\/02\/IMAG2654-280x160.jpg 280w, https:\/\/euroshrink.eu\/wp-content\/uploads\/2020\/02\/IMAG2654-18x10.jpg 18w, https:\/\/euroshrink.eu\/wp-content\/uploads\/2020\/02\/IMAG2654.jpg 1920w\" sizes=\"(max-width: 1024px) 100vw, 1024px\" \/><\/figure>\n<\/figure>","protected":false},"excerpt":{"rendered":"<p>\u00c1LLV\u00c1NYF\u00d3LI\u00c1Z\u00c1S Az \u00e1llv\u00e1nyf\u00f3lia egy olyan er\u0151s \u00e9s tart\u00f3s m\u0171anyag burkolat, amely \u00f6tv\u00f6zi a k\u00fcls\u0151 \u00e9s a bels\u0151 v\u00e9delm\u00e9t: meg\u00f3vja a munkaer\u0151t \u00e9s az eszk\u00f6z\u00f6ket a rossz id\u0151j\u00e1r\u00e1st\u00f3l (nap, es\u0151, h\u00f3\u2026) , a k\u00f6rnyezetet pedig a helysz\u00ednen keletkezett por \u00e9s t\u00f6rmel\u00e9k ellen. Az \u00e1llv\u00e1nyf\u00f3lia h\u0151 hat\u00e1s\u00e1ra &#8220;dob feszesre&#8221; zsugorodik \u00edgy k\u00e9pez&hellip; <\/p>","protected":false},"author":1,"featured_media":569,"parent":0,"menu_order":1,"comment_status":"closed","ping_status":"closed","template":"","meta":{"ngg_post_thumbnail":0,"footnotes":""},"class_list":["post-30","page","type-page","status-publish","has-post-thumbnail","hentry"],"_links":{"self":[{"href":"https:\/\/euroshrink.eu\/en\/wp-json\/wp\/v2\/pages\/30","targetHints":{"allow":["GET"]}}],"collection":[{"href":"https:\/\/euroshrink.eu\/en\/wp-json\/wp\/v2\/pages"}],"about":[{"href":"https:\/\/euroshrink.eu\/en\/wp-json\/wp\/v2\/types\/page"}],"author":[{"embeddable":true,"href":"https:\/\/euroshrink.eu\/en\/wp-json\/wp\/v2\/users\/1"}],"replies":[{"embeddable":true,"href":"https:\/\/euroshrink.eu\/en\/wp-json\/wp\/v2\/comments?post=30"}],"version-history":[{"count":9,"href":"https:\/\/euroshrink.eu\/en\/wp-json\/wp\/v2\/pages\/30\/revisions"}],"predecessor-version":[{"id":584,"href":"https:\/\/euroshrink.eu\/en\/wp-json\/wp\/v2\/pages\/30\/revisions\/584"}],"wp:featuredmedia":[{"embeddable":true,"href":"https:\/\/euroshrink.eu\/en\/wp-json\/wp\/v2\/media\/569"}],"wp:attachment":[{"href":"https:\/\/euroshrink.eu\/en\/wp-json\/wp\/v2\/media?parent=30"}],"curies":[{"name":"wp","href":"https:\/\/api.w.org\/{rel}","templated":true}]}}