{"id":366,"date":"2019-06-25T15:28:35","date_gmt":"2019-06-25T15:28:35","guid":{"rendered":"http:\/\/euroshrink.eu\/?page_id=366"},"modified":"2019-06-25T15:28:35","modified_gmt":"2019-06-25T15:28:35","slug":"zsugorfolias-csomagolas","status":"publish","type":"page","link":"http:\/\/euroshrink.eu\/en\/zsugorfolias-csomagolas\/","title":{"rendered":"ZSUGORF\u00d3LI\u00c1S CSOMAGOL\u00c1S"},"content":{"rendered":"<p>Nagym\u00e9ret\u0171, ak\u00e1r egyedi term\u00e9kek t\u00f6k\u00e9letes v\u00e9delme, \u00e9rt\u00e9kmeg\u0151rz\u00e9se c\u00e9lj\u00e1b\u00f3l kit\u0171n\u0151 v\u00e1laszt\u00e1s a zsugorf\u00f3lia.<\/p>\n<p>Az adott term\u00e9ket, g\u00e9pet, haj\u00f3t vagy b\u00e1rmit, teljesen beburkoljuk er\u0151s zsugorf\u00f3li\u00e1val, majd h\u0151vel r\u00e1meleg\u00edtj\u00fck. Ennek k\u00f6vetkezt\u00e9ben egy er\u0151s, r\u00e1ncmentes burkolatot kapunk, amibe nem tud belekapni a sz\u00e9l, a sz\u00e1ll\u00edt\u00e1s vagy a hossz\u00fa t\u00e1rol\u00e1s sor\u00e1n. Az UV stabil, fedett feh\u00e9r f\u00f3lia k\u00edv\u00e1l\u00f3 v\u00e9delmet ny\u00fajt, ak\u00e1r ideiglenes tet\u0151burkol\u00e1sra is!<\/p>","protected":false},"excerpt":{"rendered":"<p>Nagym\u00e9ret\u0171, ak\u00e1r egyedi term\u00e9kek t\u00f6k\u00e9letes v\u00e9delme, \u00e9rt\u00e9kmeg\u0151rz\u00e9se c\u00e9lj\u00e1b\u00f3l kit\u0171n\u0151 v\u00e1laszt\u00e1s a zsugorf\u00f3lia. Az adott term\u00e9ket, g\u00e9pet, haj\u00f3t vagy b\u00e1rmit, teljesen beburkoljuk er\u0151s zsugorf\u00f3li\u00e1val, majd h\u0151vel r\u00e1meleg\u00edtj\u00fck. Ennek k\u00f6vetkezt\u00e9ben egy er\u0151s, r\u00e1ncmentes burkolatot kapunk, amibe nem tud belekapni a sz\u00e9l, a sz\u00e1ll\u00edt\u00e1s vagy a hossz\u00fa t\u00e1rol\u00e1s sor\u00e1n. Az UV stabil, fedett&hellip; <\/p>","protected":false},"author":1,"featured_media":0,"parent":0,"menu_order":0,"comment_status":"closed","ping_status":"closed","template":"","meta":{"ngg_post_thumbnail":0,"footnotes":""},"class_list":["post-366","page","type-page","status-publish","hentry"],"_links":{"self":[{"href":"http:\/\/euroshrink.eu\/en\/wp-json\/wp\/v2\/pages\/366","targetHints":{"allow":["GET"]}}],"collection":[{"href":"http:\/\/euroshrink.eu\/en\/wp-json\/wp\/v2\/pages"}],"about":[{"href":"http:\/\/euroshrink.eu\/en\/wp-json\/wp\/v2\/types\/page"}],"author":[{"embeddable":true,"href":"http:\/\/euroshrink.eu\/en\/wp-json\/wp\/v2\/users\/1"}],"replies":[{"embeddable":true,"href":"http:\/\/euroshrink.eu\/en\/wp-json\/wp\/v2\/comments?post=366"}],"version-history":[{"count":1,"href":"http:\/\/euroshrink.eu\/en\/wp-json\/wp\/v2\/pages\/366\/revisions"}],"predecessor-version":[{"id":368,"href":"http:\/\/euroshrink.eu\/en\/wp-json\/wp\/v2\/pages\/366\/revisions\/368"}],"wp:attachment":[{"href":"http:\/\/euroshrink.eu\/en\/wp-json\/wp\/v2\/media?parent=366"}],"curies":[{"name":"wp","href":"https:\/\/api.w.org\/{rel}","templated":true}]}}