{"id":159,"date":"2016-12-13T06:02:45","date_gmt":"2016-12-13T06:02:45","guid":{"rendered":"http:\/\/euroshrink.eu\/?page_id=159"},"modified":"2025-10-15T02:17:45","modified_gmt":"2025-10-15T02:17:45","slug":"csomagolas-tervezes","status":"publish","type":"page","link":"http:\/\/euroshrink.eu\/en\/csomagolas-tervezes\/","title":{"rendered":"CSOMAGOL\u00c1S TERVEZ\u00c9S"},"content":{"rendered":"<p>A csomagol\u00e1s az egyik legfontosabb r\u00e9sztvev\u0151je a logisztikai folyamatoknak.<\/p>\n<p>Maxim\u00e1lisan elk\u00f6telezettek vagyunk\u00a0 az \u00a0ell\u00e1t\u00e1si l\u00e1ncok k\u00f6lts\u00e9gcs\u00f6kkent\u00e9se, valamint a hat\u00e9konys\u00e1g\u00e1nak jav\u00edt\u00e1s\u00e1val mellett \u00a0a csomagol\u00e1si fejleszt\u00e9sek r\u00e9v\u00e9n.<\/p>\n<p>A glob\u00e1lis ell\u00e1t\u00e1si l\u00e1ncok jelent\u0151s pazarl\u00e1sa nagy aggodalomra ad okot. Hatalmas k\u00f6lts\u00e9gek mer\u00fclnek fel felesleges csomagol\u00e1st haszn\u00e1l\u00f3 v\u00e1llalatokn\u00e1l, melynek j\u00f3 r\u00e9sze megtakar\u00edthat\u00f3 lehetne! A k\u00f6lts\u00e9gcs\u00f6kkent\u00e9s mellett m\u00e9gink\u00e1bb prifit\u00e1bilisak, k\u00f6rnyezetbar\u00e1tak\u00a0 \u00e9s ergonomikusabbak lehetn\u00e9nek. Nagyon fontos csomagol\u00e1s \u00e9s ahozz\u00e1 tartoz\u00f3 folyamatok\u00a0 \u00e1lland\u00f3 jav\u00edt\u00e1sa, fejleszt\u00e9se, hogy minden felesleges anyagot, mozzanatot kisz\u0171rj\u00fcnk a rendszerb\u0151l.<\/p>\n<p>Olyan v\u00e1ltoz\u00e1sokat vezet\u00fcnk be az \u00d6n logisztikai folyamataiban, amelyek m\u00e9rhet\u0151 eredm\u00e9nyeket \u00e9rnek el. F\u0151leg \u00a0azoknak a c\u00e9geknek, v\u00e1llalatoknak tudunk seg\u00edteni, akiknek nincs bels\u0151 er\u0151forr\u00e1suk az ell\u00e1t\u00e1si l\u00e1ncban rejl\u0151, lehet\u0151ss\u00e9gek kiakn\u00e1z\u00e1s\u00e1ra.<\/p>","protected":false},"excerpt":{"rendered":"<p>A csomagol\u00e1s az egyik legfontosabb r\u00e9sztvev\u0151je a logisztikai folyamatoknak. Maxim\u00e1lisan elk\u00f6telezettek vagyunk\u00a0 az \u00a0ell\u00e1t\u00e1si l\u00e1ncok k\u00f6lts\u00e9gcs\u00f6kkent\u00e9se, valamint a hat\u00e9konys\u00e1g\u00e1nak jav\u00edt\u00e1s\u00e1val mellett \u00a0a csomagol\u00e1si fejleszt\u00e9sek r\u00e9v\u00e9n. A glob\u00e1lis ell\u00e1t\u00e1si l\u00e1ncok jelent\u0151s pazarl\u00e1sa nagy aggodalomra ad okot. Hatalmas k\u00f6lts\u00e9gek mer\u00fclnek fel felesleges csomagol\u00e1st haszn\u00e1l\u00f3 v\u00e1llalatokn\u00e1l, melynek j\u00f3 r\u00e9sze megtakar\u00edthat\u00f3 lehetne! A k\u00f6lts\u00e9gcs\u00f6kkent\u00e9s&hellip; <\/p>","protected":false},"author":1,"featured_media":0,"parent":0,"menu_order":0,"comment_status":"closed","ping_status":"closed","template":"","meta":{"ngg_post_thumbnail":0,"footnotes":""},"class_list":["post-159","page","type-page","status-publish","hentry"],"_links":{"self":[{"href":"http:\/\/euroshrink.eu\/en\/wp-json\/wp\/v2\/pages\/159","targetHints":{"allow":["GET"]}}],"collection":[{"href":"http:\/\/euroshrink.eu\/en\/wp-json\/wp\/v2\/pages"}],"about":[{"href":"http:\/\/euroshrink.eu\/en\/wp-json\/wp\/v2\/types\/page"}],"author":[{"embeddable":true,"href":"http:\/\/euroshrink.eu\/en\/wp-json\/wp\/v2\/users\/1"}],"replies":[{"embeddable":true,"href":"http:\/\/euroshrink.eu\/en\/wp-json\/wp\/v2\/comments?post=159"}],"version-history":[{"count":2,"href":"http:\/\/euroshrink.eu\/en\/wp-json\/wp\/v2\/pages\/159\/revisions"}],"predecessor-version":[{"id":376,"href":"http:\/\/euroshrink.eu\/en\/wp-json\/wp\/v2\/pages\/159\/revisions\/376"}],"wp:attachment":[{"href":"http:\/\/euroshrink.eu\/en\/wp-json\/wp\/v2\/media?parent=159"}],"curies":[{"name":"wp","href":"https:\/\/api.w.org\/{rel}","templated":true}]}}