{"id":110,"date":"2016-08-23T16:54:58","date_gmt":"2016-08-23T16:54:58","guid":{"rendered":"http:\/\/euroshrink.eu\/?page_id=110"},"modified":"2025-10-15T02:17:12","modified_gmt":"2025-10-15T02:17:12","slug":"home","status":"publish","type":"page","link":"http:\/\/euroshrink.eu\/en\/","title":{"rendered":"HOME"},"content":{"rendered":"<p>CSOMAGOL\u00c1S = \u00c9RT\u00c9KMEG\u0150RZ\u00c9S<\/p>\n<p>A nagym\u00e9ret\u0171 t\u00e1rgyak, haj\u00f3k, aut\u00f3k, rep\u00fcl\u0151k sz\u00e1ll\u00edt\u00e1s k\u00f6zbeni v\u00e9delm\u00e9re, valamint hosszan tart\u00f3 k\u00fclt\u00e9ri t\u00e1rol\u00e1s\u00e1hoz t\u00f6k\u00e9letes megold\u00e1s a zsugorf\u00f3li\u00e1z\u00e1s.<\/p>\n<p><img fetchpriority=\"high\" decoding=\"async\" class=\"alignnone size-medium wp-image-40\" src=\"http:\/\/euroshrink.eu\/wp-content\/uploads\/2016\/06\/20150920_135716-300x180.jpg\" alt=\"20150920_135716\" width=\"300\" height=\"180\" srcset=\"https:\/\/euroshrink.eu\/wp-content\/uploads\/2016\/06\/20150920_135716-300x180.jpg 300w, https:\/\/euroshrink.eu\/wp-content\/uploads\/2016\/06\/20150920_135716-768x461.jpg 768w, https:\/\/euroshrink.eu\/wp-content\/uploads\/2016\/06\/20150920_135716-1024x614.jpg 1024w\" sizes=\"(max-width: 300px) 100vw, 300px\" \/> &nbsp;&nbsp;<img decoding=\"async\" class=\"alignnone wp-image-43\" src=\"http:\/\/euroshrink.eu\/wp-content\/uploads\/2016\/06\/20151212_140913-300x225.jpg\" alt=\"20151212_140913\" width=\"241\" height=\"181\" srcset=\"https:\/\/euroshrink.eu\/wp-content\/uploads\/2016\/06\/20151212_140913-300x225.jpg 300w, https:\/\/euroshrink.eu\/wp-content\/uploads\/2016\/06\/20151212_140913-768x576.jpg 768w, https:\/\/euroshrink.eu\/wp-content\/uploads\/2016\/06\/20151212_140913-1024x768.jpg 1024w\" sizes=\"(max-width: 241px) 100vw, 241px\" \/><\/p>\n<p>\u00c9rt\u00e9k az ID\u0150 is!<\/p>\n<p>\u00c9p\u00fcletek k\u00fcls\u0151 munk\u00e1latain\u00e1l mennyit \u00e9r a munka rendelkez\u00e9sre \u00e1ll\u00f3 id\u0151?<\/p>\n<p>Mennyit \u00e9r a kisz\u00e1m\u00edthat\u00f3s\u00e1g?<\/p>\n<p>Nagyon sokat! &nbsp;\u00c9ppen ez\u00e9rt van sz\u00fcks\u00e9g az \u00e1llv\u00e1nyf\u00f3li\u00e1ra! Az \u00e1llv\u00e1nyf\u00f3lia egy speci\u00e1lis zsugorf\u00f3lia, mely kimondottan ipari \u00e1llv\u00e1nyok f\u00f3li\u00e1z\u00e1s\u00e1ra szolg\u00e1l. Seg\u00edts\u00e9g\u00e9vel teljesen le lehet z\u00e1rni a munkater\u00fcletet, \u00edgy a rossz id\u0151j\u00e1r\u00e1s miatt nincs kimaradt munkaid\u0151.<\/p>\n<p><img decoding=\"async\" class=\"alignnone size-medium wp-image-414\" src=\"http:\/\/euroshrink.eu\/wp-content\/uploads\/2023\/01\/IMG_20211111_144141-300x225.jpg\" alt=\"IMG_20211111_144141\" width=\"300\" height=\"225\" srcset=\"https:\/\/euroshrink.eu\/wp-content\/uploads\/2023\/01\/IMG_20211111_144141-300x225.jpg 300w, https:\/\/euroshrink.eu\/wp-content\/uploads\/2023\/01\/IMG_20211111_144141-768x576.jpg 768w, https:\/\/euroshrink.eu\/wp-content\/uploads\/2023\/01\/IMG_20211111_144141-1024x768.jpg 1024w, https:\/\/euroshrink.eu\/wp-content\/uploads\/2023\/01\/IMG_20211111_144141-600x450.jpg 600w, https:\/\/euroshrink.eu\/wp-content\/uploads\/2023\/01\/IMG_20211111_144141-213x160.jpg 213w, https:\/\/euroshrink.eu\/wp-content\/uploads\/2023\/01\/IMG_20211111_144141-16x12.jpg 16w\" sizes=\"(max-width: 300px) 100vw, 300px\" \/><\/p>\n<p><img loading=\"lazy\" decoding=\"async\" class=\"size-medium wp-image-570\" src=\"https:\/\/euroshrink.eu\/wp-content\/uploads\/2025\/10\/Nevtelen2-224x300.jpg\" alt=\"\" width=\"224\" height=\"300\" srcset=\"https:\/\/euroshrink.eu\/wp-content\/uploads\/2025\/10\/Nevtelen2-224x300.jpg 224w, https:\/\/euroshrink.eu\/wp-content\/uploads\/2025\/10\/Nevtelen2-764x1024.jpg 764w, https:\/\/euroshrink.eu\/wp-content\/uploads\/2025\/10\/Nevtelen2-768x1029.jpg 768w, https:\/\/euroshrink.eu\/wp-content\/uploads\/2025\/10\/Nevtelen2-9x12.jpg 9w, https:\/\/euroshrink.eu\/wp-content\/uploads\/2025\/10\/Nevtelen2-448x600.jpg 448w, https:\/\/euroshrink.eu\/wp-content\/uploads\/2025\/10\/Nevtelen2-119x160.jpg 119w, https:\/\/euroshrink.eu\/wp-content\/uploads\/2025\/10\/Nevtelen2.jpg 1052w\" sizes=\"(max-width: 224px) 100vw, 224px\" \/><\/p>","protected":false},"excerpt":{"rendered":"<p>CSOMAGOL\u00c1S = \u00c9RT\u00c9KMEG\u0150RZ\u00c9S A nagym\u00e9ret\u0171 t\u00e1rgyak, haj\u00f3k, aut\u00f3k, rep\u00fcl\u0151k sz\u00e1ll\u00edt\u00e1s k\u00f6zbeni v\u00e9delm\u00e9re, valamint hosszan tart\u00f3 k\u00fclt\u00e9ri t\u00e1rol\u00e1s\u00e1hoz t\u00f6k\u00e9letes megold\u00e1s a zsugorf\u00f3li\u00e1z\u00e1s. &nbsp;&nbsp; \u00c9rt\u00e9k az ID\u0150 is! \u00c9p\u00fcletek k\u00fcls\u0151 munk\u00e1latain\u00e1l mennyit \u00e9r a munka rendelkez\u00e9sre \u00e1ll\u00f3 id\u0151? Mennyit \u00e9r a kisz\u00e1m\u00edthat\u00f3s\u00e1g? Nagyon sokat! &nbsp;\u00c9ppen ez\u00e9rt van sz\u00fcks\u00e9g az \u00e1llv\u00e1nyf\u00f3li\u00e1ra! Az \u00e1llv\u00e1nyf\u00f3lia&hellip; <\/p>","protected":false},"author":1,"featured_media":0,"parent":0,"menu_order":0,"comment_status":"closed","ping_status":"closed","template":"","meta":{"ngg_post_thumbnail":0,"footnotes":""},"class_list":["post-110","page","type-page","status-publish","hentry"],"_links":{"self":[{"href":"http:\/\/euroshrink.eu\/en\/wp-json\/wp\/v2\/pages\/110","targetHints":{"allow":["GET"]}}],"collection":[{"href":"http:\/\/euroshrink.eu\/en\/wp-json\/wp\/v2\/pages"}],"about":[{"href":"http:\/\/euroshrink.eu\/en\/wp-json\/wp\/v2\/types\/page"}],"author":[{"embeddable":true,"href":"http:\/\/euroshrink.eu\/en\/wp-json\/wp\/v2\/users\/1"}],"replies":[{"embeddable":true,"href":"http:\/\/euroshrink.eu\/en\/wp-json\/wp\/v2\/comments?post=110"}],"version-history":[{"count":6,"href":"http:\/\/euroshrink.eu\/en\/wp-json\/wp\/v2\/pages\/110\/revisions"}],"predecessor-version":[{"id":580,"href":"http:\/\/euroshrink.eu\/en\/wp-json\/wp\/v2\/pages\/110\/revisions\/580"}],"wp:attachment":[{"href":"http:\/\/euroshrink.eu\/en\/wp-json\/wp\/v2\/media?parent=110"}],"curies":[{"name":"wp","href":"https:\/\/api.w.org\/{rel}","templated":true}]}}